{"id":11,"date":"2022-02-18T17:25:45","date_gmt":"2022-02-18T16:25:45","guid":{"rendered":"http:\/\/www.miyazawa2.ch\/?page_id=11"},"modified":"2022-02-23T14:19:33","modified_gmt":"2022-02-23T13:19:33","slug":"impressum","status":"publish","type":"page","link":"https:\/\/www.miyazawa.ch\/?page_id=11","title":{"rendered":"Impressum"},"content":{"rendered":"<div id=\"main\" class=\"site-main\">\n<div id=\"main-content\" class=\"main-content\">\n<div id=\"primary\" class=\"content-area\">\n<div id=\"content\" class=\"site-content\">\n<article id=\"post-48\" class=\"post-48 page type-page status-publish hentry\">\n<header class=\"entry-header\">\n<h1 class=\"entry-title\">Impressum<\/h1>\n<\/header>\n<div class=\"entry-content\">\n<table cellspacing=\"0\" cellpadding=\"0\" border=\"0\">\n<tbody>\n<tr>\n<td colspan=\"2\">A. Marcandella AG<br \/>\nKesselstrasse 4<br \/>\nCH-8200 Schaffhausen<\/td>\n<\/tr>\n<\/tbody>\n<\/table>\n<table>\n<tbody>\n<tr>\n<td width=\"20%\">Tf<\/td>\n<td width=\"80%\">+41 52 634 00 00<\/td>\n<\/tr>\n<tr>\n<td width=\"20%\">Fax<\/td>\n<td width=\"80%\">+41 52 634 00 40<\/td>\n<\/tr>\n<tr>\n<td width=\"20%\">EMail<\/td>\n<td width=\"80%\"><a href=\"mailto:office@marcandella.ch\"><span style=\"color: #525252;\">office@marcandella.ch<\/span><\/a><\/td>\n<\/tr>\n<\/tbody>\n<\/table>\n<table>\n<tbody>\n<tr>\n<td width=\"20%\" valign=\"top\"><b>Links<\/b><\/td>\n<td width=\"80%\" valign=\"top\">Wir haben auf verschiedenen Seiten dieser<br \/>\nWebSite Links zu anderen Seiten im Internet gelegt. F\u00fcr alle diese Links m\u00f6chten wir ausdr\u00fccklich festhalten, dass wir keinerlei Einfluss auf die Gestaltung und die Inhalte der damit erreichten Seiten haben.<br \/>\nWir distanzieren wir uns hiermit ausdr\u00fccklich und formell von allen<br \/>\nInhalten aller gelinkten Seiten auf dieser WebSite und machen uns ihre<br \/>\nInhalte nicht zu Eigen. F\u00fcr diese damit erreichbaren Inhalte ist ausschliesslich der Betreiber<br \/>\nder erreichten Webseiten verantwortlich.<\/td>\n<\/tr>\n<\/tbody>\n<\/table>\n<table>\n<tbody>\n<tr>\n<td width=\"20%\" valign=\"top\"><b>Inhalt<\/b><\/td>\n<td width=\"80%\" valign=\"top\">Der Betreiber\/Autor dieser Website \u00fcbernimmt keinerlei Gew\u00e4hr f\u00fcr die Aktualit\u00e4t, Korrektheit, Vollst\u00e4ndigkeit oder Qualit\u00e4t der bereitgestellten Informationen. jegliche Haftungsanspr\u00fcche gegen den Autor sind grunds\u00e4tzlich ausgeschlossen.<br \/>\nAlle Angebote sind freibleibend und unverbindlich.<br \/>\nDer Autor beh\u00e4lt es sich ausdr\u00fccklich vor, Teile der Seiten oder das gesamte Angebot ohne gesonderte Ank\u00fcndigung zu ver\u00e4ndern, zu erg\u00e4nzen, zu l\u00f6schen oder die Ver\u00f6ffentlichung zeitweise oder endg\u00fcltig einzustellen.<\/td>\n<\/tr>\n<\/tbody>\n<\/table>\n<table>\n<tbody>\n<tr>\n<td width=\"20%\" valign=\"top\" bgcolor=\"#cccccc\"><b>Rechtwirksamkeit<\/b><br \/>\nHaftungsausschluss<\/td>\n<td width=\"80%\" valign=\"top\" bgcolor=\"#cccccc\">Dieser Haftungsausschluss ist als Teil des Internetangebotes zu betrachten, von dem aus auf diese Seite verwiesen wurde.<br \/>\nSofern Teile oder einzelne Formulierungen dieses Textes der geltenden Rechtslage nicht, nicht mehr oder nicht vollst\u00e4ndig entsprechen sollten, bleiben die \u00fcbrigen Teile des Dokumentes in ihrem Inhalt und ihrer G\u00fcltigkeit davon unber\u00fchrt.<\/td>\n<\/tr>\n<\/tbody>\n<\/table>\n<\/div>\n<\/article>\n<\/div>\n<\/div>\n<\/div>\n<div id=\"secondary\">\n<div id=\"primary-sidebar\" class=\"primary-sidebar widget-area\">\n<aside id=\"text-2\" class=\"widget widget_text\">\n<div class=\"textwidget\">\n<table>\n<tbody>\n<tr>\n<td>A. Marcandella AG<br \/>\nKesselstrasse 4<br \/>\nCH-8200 Schaffhausen<br \/>\nphone +41 52 634 00 00<br \/>\nfax +41 52 634 00 40<br \/>\n<a href=\"mailto:office@marcandella.ch\">office@marcandella.ch<\/a><\/td>\n<\/tr>\n<\/tbody>\n<\/table>\n<\/div>\n<\/aside>\n<\/div>\n<\/div>\n<\/div>\n","protected":false},"excerpt":{"rendered":"<p>Impressum A. Marcandella AG Kesselstrasse 4 CH-8200 Schaffhausen Tf +41 52 634 00 00 Fax +41 52 634 00 40 EMail office@marcandella.ch Links Wir haben auf verschiedenen Seiten dieser WebSite Links zu anderen Seiten im Internet gelegt. F\u00fcr alle diese Links m\u00f6chten wir ausdr\u00fccklich festhalten, dass wir keinerlei Einfluss auf die Gestaltung und die Inhalte &hellip; <a href=\"https:\/\/www.miyazawa.ch\/?page_id=11\" class=\"more-link\"><span class=\"screen-reader-text\">Impressum<\/span> weiterlesen <span class=\"meta-nav\">&rarr;<\/span><\/a><\/p>\n","protected":false},"author":1,"featured_media":0,"parent":0,"menu_order":0,"comment_status":"closed","ping_status":"closed","template":"page-templates\/full-width.php","meta":{"footnotes":""},"class_list":["post-11","page","type-page","status-publish","hentry"],"_links":{"self":[{"href":"https:\/\/www.miyazawa.ch\/index.php?rest_route=\/wp\/v2\/pages\/11","targetHints":{"allow":["GET"]}}],"collection":[{"href":"https:\/\/www.miyazawa.ch\/index.php?rest_route=\/wp\/v2\/pages"}],"about":[{"href":"https:\/\/www.miyazawa.ch\/index.php?rest_route=\/wp\/v2\/types\/page"}],"author":[{"embeddable":true,"href":"https:\/\/www.miyazawa.ch\/index.php?rest_route=\/wp\/v2\/users\/1"}],"replies":[{"embeddable":true,"href":"https:\/\/www.miyazawa.ch\/index.php?rest_route=%2Fwp%2Fv2%2Fcomments&post=11"}],"version-history":[{"count":4,"href":"https:\/\/www.miyazawa.ch\/index.php?rest_route=\/wp\/v2\/pages\/11\/revisions"}],"predecessor-version":[{"id":116,"href":"https:\/\/www.miyazawa.ch\/index.php?rest_route=\/wp\/v2\/pages\/11\/revisions\/116"}],"wp:attachment":[{"href":"https:\/\/www.miyazawa.ch\/index.php?rest_route=%2Fwp%2Fv2%2Fmedia&parent=11"}],"curies":[{"name":"wp","href":"https:\/\/api.w.org\/{rel}","templated":true}]}}