{"id":24,"date":"2022-02-22T15:00:44","date_gmt":"2022-02-22T14:00:44","guid":{"rendered":"http:\/\/www.miyazawa2.ch\/?page_id=24"},"modified":"2022-02-24T17:10:39","modified_gmt":"2022-02-24T16:10:39","slug":"silver-flute-series","status":"publish","type":"page","link":"https:\/\/www.miyazawa.ch\/?page_id=24","title":{"rendered":"Standard Flutes"},"content":{"rendered":"<table>\n<tbody>\n<tr>\n<td><strong>Ausf\u00fchrungen<\/strong><\/td>\n<\/tr>\n<tr>\n<td>offene Klappen&nbsp; ( geschlossene Klappen auf Anfrage)<br>Offset oder Inline<br>C-Fuss oder H-Fuss<br>(Technische Aenderungen vorbehalten)<\/td>\n<\/tr>\n<\/tbody>\n<\/table>\n\n\n<p><strong>PB-102<\/strong><br>&#8211; MZ-10 Kopfst\u00fcck, Neusilber versilbert<br>&#8211; Mundlochplatte und Kamin aus Sterling-Silver(925\/1000)<br>&#8211; Herzst\u00fcck aus Sterling-Silver(925\/1000<br>&#8211; Korpus und Fuss Neusilber versilbert<br>&#8211; gezogene Tonl\u00f6cher<br>&#8211; Teil-Br\u00f6gger\u00ae Mechanik<\/p>\n\n\n\n<figure class=\"wp-block-image size-full\"><img loading=\"lazy\" decoding=\"async\" width=\"785\" height=\"69\" src=\"http:\/\/www.miyazawa.ch\/wp-content\/uploads\/2022\/02\/pa102_enlarged.png\" alt=\"\" class=\"wp-image-37\"\/><\/figure>\n\n\n\n<p><strong>PB-202<\/strong><br>&#8211; MZ-10 Kopf Sterling Silver(925\/1000)<br>&#8211; gezogene Tonl\u00f6cher<br>&#8211; Korpus und Fuss Neusilber versilbert<br>&#8211; Mechanik Neusilber versilbert<br>&#8211; Teil-Br\u00f6gger\u00ae Mechanik<\/p>\n\n\n\n<figure class=\"wp-block-image size-full\"><img loading=\"lazy\" decoding=\"async\" width=\"785\" height=\"71\" src=\"http:\/\/www.miyazawa.ch\/wp-content\/uploads\/2022\/02\/pa202_enlarged.png\" alt=\"\" class=\"wp-image-44\"\/><\/figure>\n\n\n\n<p><strong>PB-203<\/strong><br>&#8211; MX-2 Kopf Britannia Silver(958\/1000)<br>   (Mundlochplatte 925\/100 Silver \/ Kamin 990\/1000 Silver)<br>&#8211; gel\u00f6tete Tonl\u00f6cher<br>&#8211; Korpus und Fuss Neusilber versilbert<br>&#8211; Teil-Br\u00f6gger\u00ae Mechanik<\/p>\n","protected":false},"excerpt":{"rendered":"<p>Ausf\u00fchrungen offene Klappen&nbsp; ( geschlossene Klappen auf Anfrage)Offset oder InlineC-Fuss oder H-Fuss(Technische Aenderungen vorbehalten) PB-102&#8211; MZ-10 Kopfst\u00fcck, Neusilber versilbert&#8211; Mundlochplatte und Kamin aus Sterling-Silver(925\/1000)&#8211; Herzst\u00fcck aus Sterling-Silver(925\/1000&#8211; Korpus und Fuss Neusilber versilbert&#8211; gezogene Tonl\u00f6cher&#8211; Teil-Br\u00f6gger\u00ae Mechanik PB-202&#8211; MZ-10 Kopf Sterling Silver(925\/1000)&#8211; gezogene Tonl\u00f6cher&#8211; Korpus und Fuss Neusilber versilbert&#8211; Mechanik Neusilber versilbert&#8211; Teil-Br\u00f6gger\u00ae Mechanik PB-203&#8211; MX-2 &hellip; <a href=\"https:\/\/www.miyazawa.ch\/?page_id=24\" class=\"more-link\"><span class=\"screen-reader-text\">Standard Flutes<\/span> weiterlesen <span class=\"meta-nav\">&rarr;<\/span><\/a><\/p>\n","protected":false},"author":1,"featured_media":0,"parent":0,"menu_order":0,"comment_status":"closed","ping_status":"closed","template":"","meta":{"footnotes":""},"class_list":["post-24","page","type-page","status-publish","hentry"],"_links":{"self":[{"href":"https:\/\/www.miyazawa.ch\/index.php?rest_route=\/wp\/v2\/pages\/24","targetHints":{"allow":["GET"]}}],"collection":[{"href":"https:\/\/www.miyazawa.ch\/index.php?rest_route=\/wp\/v2\/pages"}],"about":[{"href":"https:\/\/www.miyazawa.ch\/index.php?rest_route=\/wp\/v2\/types\/page"}],"author":[{"embeddable":true,"href":"https:\/\/www.miyazawa.ch\/index.php?rest_route=\/wp\/v2\/users\/1"}],"replies":[{"embeddable":true,"href":"https:\/\/www.miyazawa.ch\/index.php?rest_route=%2Fwp%2Fv2%2Fcomments&post=24"}],"version-history":[{"count":15,"href":"https:\/\/www.miyazawa.ch\/index.php?rest_route=\/wp\/v2\/pages\/24\/revisions"}],"predecessor-version":[{"id":124,"href":"https:\/\/www.miyazawa.ch\/index.php?rest_route=\/wp\/v2\/pages\/24\/revisions\/124"}],"wp:attachment":[{"href":"https:\/\/www.miyazawa.ch\/index.php?rest_route=%2Fwp%2Fv2%2Fmedia&parent=24"}],"curies":[{"name":"wp","href":"https:\/\/api.w.org\/{rel}","templated":true}]}}