{"id":34,"date":"2022-02-22T15:19:52","date_gmt":"2022-02-22T14:19:52","guid":{"rendered":"http:\/\/www.miyazawa2.ch\/?page_id=34"},"modified":"2022-02-23T14:12:12","modified_gmt":"2022-02-23T13:12:12","slug":"massiv-silber","status":"publish","type":"page","link":"https:\/\/www.miyazawa.ch\/?page_id=34","title":{"rendered":"Massiv Silber"},"content":{"rendered":"\n<p><strong>BR-925-1<\/strong><br>&#8211; Kopf Sterling Silver(925\/1000)<br>&#8211; Korpus und Fuss Sterling-Silver(925\/1000)<br>&#8211; Mechanik Sterling-Silver(925\/1000)<br>&#8211; gezogene Tonl\u00f6cher<br>&#8211; Br\u00f6gger\u00ae Mechanik komplett<br>&#8211; C-Fuss oder H-Fuss<br>&#8211; <em>Option<\/em> E-Mechanik bei G-Offset oder G-Inline<br>&#8211; <em>Option<\/em> Wandst\u00e4rke 0.45mm<br>&#8211; <em>Option<\/em> C#Triller<\/p>\n\n\n\n<p><\/p>\n\n\n\n<p><strong>BR-925-2<\/strong><br>&#8211; Kopf Sterling Silver(925\/1000)<br>&#8211; Korpus und Fuss Sterling-Silver(925\/1000)<br>&#8211; Mechanik Sterling-Silver(925\/1000)<br>&#8211; gel\u00f6tete Tonl\u00f6cher<br>&#8211; Br\u00f6gger\u00ae Mechanik komplett<br>&#8211; C-Fuss oder H-Fuss<br>&#8211; <em>Option<\/em> E-Mechanik bei G-Offset oder G-Inline<br>&#8211; <em>Option<\/em> Wandst\u00e4rke 0.45mm<br>&#8211; <em>Option<\/em> C#Triller<\/p>\n\n\n\n<p><\/p>\n\n\n\n<p><strong>CS-958-A<\/strong><br>&#8211; Kopf CS-1A Britannia Silver(958\/1000)<br>(Mundlochplatte 958\/1000 \/ Mundloch-Kamin 990\/1000)<br>&#8211; Korpus und Fuss Britannia-Silver(958\/1000)<br>&#8211; Mechanik Sterling-Silver(925\/1000)<br>&#8211; gel\u00f6tete Tonl\u00f6cher Britannia-Silver(958\/1000)<br>&#8211; Br\u00f6gger\u00ae Mechanik komplett<br>&#8211; H-Fuss<br>&#8211; <em>Option<\/em> E-Mechanik bei G-Offset oder G-Inline<br>&#8211; <em>Option<\/em> C#Triller<\/p>\n\n\n\n<p><\/p>\n\n\n\n<p><strong>CS-958-B<\/strong><br>&#8211; Kopf CS-1A Britannia Silver(958\/1000)<br>(Mundlochplatte 958\/1000 \/ Mundloch-Kamin Gold 14K)<br>&#8211; Korpus und Fuss Britannia-Silver(958\/1000)<br>&#8211; Mechanik Sterling-Silver(925\/1000)<br>&#8211; gel\u00f6tete Tonl\u00f6cher Gold 14K<br>&#8211; Br\u00f6gger\u00ae Mechanik komplett<br>&#8211; H-Fuss<br>&#8211; <em>Option<\/em> E-Mechanik bei G-Offset oder G-Inline<br>&#8211; <em>Option<\/em> C#Triller<\/p>\n","protected":false},"excerpt":{"rendered":"<p>BR-925-1&#8211; Kopf Sterling Silver(925\/1000)&#8211; Korpus und Fuss Sterling-Silver(925\/1000)&#8211; Mechanik Sterling-Silver(925\/1000)&#8211; gezogene Tonl\u00f6cher&#8211; Br\u00f6gger\u00ae Mechanik komplett&#8211; C-Fuss oder H-Fuss&#8211; Option E-Mechanik bei G-Offset oder G-Inline&#8211; Option Wandst\u00e4rke 0.45mm&#8211; Option C#Triller BR-925-2&#8211; Kopf Sterling Silver(925\/1000)&#8211; Korpus und Fuss Sterling-Silver(925\/1000)&#8211; Mechanik Sterling-Silver(925\/1000)&#8211; gel\u00f6tete Tonl\u00f6cher&#8211; Br\u00f6gger\u00ae Mechanik komplett&#8211; C-Fuss oder H-Fuss&#8211; Option E-Mechanik bei G-Offset oder G-Inline&#8211; Option Wandst\u00e4rke &hellip; <a href=\"https:\/\/www.miyazawa.ch\/?page_id=34\" class=\"more-link\"><span class=\"screen-reader-text\">Massiv Silber<\/span> weiterlesen <span class=\"meta-nav\">&rarr;<\/span><\/a><\/p>\n","protected":false},"author":1,"featured_media":0,"parent":0,"menu_order":0,"comment_status":"closed","ping_status":"closed","template":"","meta":{"footnotes":""},"class_list":["post-34","page","type-page","status-publish","hentry"],"_links":{"self":[{"href":"https:\/\/www.miyazawa.ch\/index.php?rest_route=\/wp\/v2\/pages\/34","targetHints":{"allow":["GET"]}}],"collection":[{"href":"https:\/\/www.miyazawa.ch\/index.php?rest_route=\/wp\/v2\/pages"}],"about":[{"href":"https:\/\/www.miyazawa.ch\/index.php?rest_route=\/wp\/v2\/types\/page"}],"author":[{"embeddable":true,"href":"https:\/\/www.miyazawa.ch\/index.php?rest_route=\/wp\/v2\/users\/1"}],"replies":[{"embeddable":true,"href":"https:\/\/www.miyazawa.ch\/index.php?rest_route=%2Fwp%2Fv2%2Fcomments&post=34"}],"version-history":[{"count":5,"href":"https:\/\/www.miyazawa.ch\/index.php?rest_route=\/wp\/v2\/pages\/34\/revisions"}],"predecessor-version":[{"id":108,"href":"https:\/\/www.miyazawa.ch\/index.php?rest_route=\/wp\/v2\/pages\/34\/revisions\/108"}],"wp:attachment":[{"href":"https:\/\/www.miyazawa.ch\/index.php?rest_route=%2Fwp%2Fv2%2Fmedia&parent=34"}],"curies":[{"name":"wp","href":"https:\/\/api.w.org\/{rel}","templated":true}]}}